{"id":1698,"date":"2022-05-10T20:33:20","date_gmt":"2022-05-10T19:33:20","guid":{"rendered":"https:\/\/gp-inbound.wordifysites.com\/?page_id=80"},"modified":"2022-05-10T20:33:20","modified_gmt":"2022-05-10T19:33:20","slug":"blog","status":"publish","type":"page","link":"https:\/\/www.thailtd.com\/de\/blog\/","title":{"rendered":"Blog"},"content":{"rendered":"<div class=\"gb-grid-wrapper gb-grid-wrapper-07af4c16 gb-query-loop-wrapper\">\n<div class=\"gb-grid-column gb-grid-column-2e3a1acf gb-query-loop-item post-1897 post type-post status-publish format-standard hentry category-visa tag-tm30\"><article class=\"gb-container gb-container-2e3a1acf\"><div class=\"gb-inside-container\">\n\n\n<h2 class=\"gb-headline gb-headline-d979bae1 gb-headline-text\"><a href=\"https:\/\/www.thailtd.com\/de\/tm30-for-long-term-residents-in-thailand\/\">TM30 for Long-Term Residents in Thailand<\/a><\/h2>\n\n<div class=\"gb-headline gb-headline-5c371095 gb-headline-text\">If you\u2019ve ever dealt with Thai immigration, you know the game: paperwork, signatures, stamps, and more stamps. It feels like you need a PhD just &#8230;<\/div>\n\n<p class=\"gb-headline gb-headline-427f6f6b gb-headline-text\"><span class=\"post-term-item term-visa\"><a href=\"https:\/\/www.thailtd.com\/de\/category\/visa\/\">Visa &amp; Residency<\/a><\/span><\/p>\n<\/div><\/article><\/div>\n\n<div class=\"gb-grid-column gb-grid-column-2e3a1acf gb-query-loop-item post-1894 post type-post status-publish format-standard hentry category-taxes tag-foreign-income-tax tag-foreign-sourced-income tag-ltr-visa tag-order-161 tag-order-162 tag-repatriation tag-taxes tag-thailand-income-tax\"><article class=\"gb-container gb-container-2e3a1acf\"><div class=\"gb-inside-container\">\n\n\n<h2 class=\"gb-headline gb-headline-d979bae1 gb-headline-text\"><a href=\"https:\/\/www.thailtd.com\/de\/thailand-foreign-sourced-income-change-mid-2025\/\">Wie Thailand ausl\u00e4ndische Eink\u00fcnfte besteuert, \u00e4ndert sich (wieder)<\/a><\/h2>\n\n<div class=\"gb-headline gb-headline-5c371095 gb-headline-text\">Over the past few years, Thailand\u2019s approach to foreign-sourced income has shifted dramatically, leaving many expatriates unsure of where they stand. To make sense of &#8230;<\/div>\n\n<p class=\"gb-headline gb-headline-427f6f6b gb-headline-text\"><span class=\"post-term-item term-taxes\"><a href=\"https:\/\/www.thailtd.com\/de\/category\/taxes\/\">Taxes<\/a><\/span><\/p>\n<\/div><\/article><\/div>\n\n<div class=\"gb-grid-column gb-grid-column-2e3a1acf gb-query-loop-item post-1890 post type-post status-publish format-standard hentry category-uncategorised tag-entrepreneurship\"><article class=\"gb-container gb-container-2e3a1acf\"><div class=\"gb-inside-container\">\n\n\n<h2 class=\"gb-headline gb-headline-d979bae1 gb-headline-text\"><a href=\"https:\/\/www.thailtd.com\/de\/dcbkk-a-great-event-for-online-entrepreneurs-in-thailand\/\">DCBKK &#8211; A Great Event for Online Entrepreneurs in Thailand<\/a><\/h2>\n\n<div class=\"gb-headline gb-headline-5c371095 gb-headline-text\">If you&#8217;re an online entrepreneur looking to expand your horizons, network with like-minded individuals, and explore new business opportunities, DCBKK (Dynamite Circle Bangkok) is an &#8230;<\/div>\n\n<p class=\"gb-headline gb-headline-427f6f6b gb-headline-text\"><span class=\"post-term-item term-uncategorised\"><a href=\"https:\/\/www.thailtd.com\/de\/category\/uncategorised\/\">Uncategorised<\/a><\/span><\/p>\n<\/div><\/article><\/div>\n\n<div class=\"gb-grid-column gb-grid-column-2e3a1acf gb-query-loop-item post-1858 post type-post status-publish format-standard hentry category-uncategorised tag-visa\"><article class=\"gb-container gb-container-2e3a1acf\"><div class=\"gb-inside-container\">\n\n\n<h2 class=\"gb-headline gb-headline-d979bae1 gb-headline-text\"><a href=\"https:\/\/www.thailtd.com\/de\/thailand-visa-overstay-you-overstayed-for-2-weeks-what-to-do\/\">Thailand Visa Overstay: You Overstayed for 2 Weeks. What to do?<\/a><\/h2>\n\n<div class=\"gb-headline gb-headline-5c371095 gb-headline-text\">In your situation, where you&#8217;ve overstayed your tourist visa in Thailand by two weeks but wish to extend your stay, it&#8217;s important to approach this &#8230;<\/div>\n\n<p class=\"gb-headline gb-headline-427f6f6b gb-headline-text\"><span class=\"post-term-item term-uncategorised\"><a href=\"https:\/\/www.thailtd.com\/de\/category\/uncategorised\/\">Uncategorised<\/a><\/span><\/p>\n<\/div><\/article><\/div>\n\n<div class=\"gb-grid-column gb-grid-column-2e3a1acf gb-query-loop-item post-242 post type-post status-publish format-standard hentry category-visa\"><article class=\"gb-container gb-container-2e3a1acf\"><div class=\"gb-inside-container\">\n\n\n<h2 class=\"gb-headline gb-headline-d979bae1 gb-headline-text\"><a href=\"https:\/\/www.thailtd.com\/de\/residence-certificate-thailand\/\">How to Get Your Residence Certificate in Thailand (TM. 16)<\/a><\/h2>\n\n<div class=\"gb-headline gb-headline-5c371095 gb-headline-text\">A Residence Certificate (TM. 16) is a document that says you live in Thailand. It&#8217;s like a piece of paper that tells everyone, &#8220;Yes, I &#8230;<\/div>\n\n<p class=\"gb-headline gb-headline-427f6f6b gb-headline-text\"><span class=\"post-term-item term-visa\"><a href=\"https:\/\/www.thailtd.com\/de\/category\/visa\/\">Visa &amp; Residency<\/a><\/span><\/p>\n<\/div><\/article><\/div>\n\n<div class=\"gb-grid-column gb-grid-column-2e3a1acf gb-query-loop-item post-235 post type-post status-publish format-standard hentry category-visa tag-re-entry tag-visa\"><article class=\"gb-container gb-container-2e3a1acf\"><div class=\"gb-inside-container\">\n\n\n<h2 class=\"gb-headline gb-headline-d979bae1 gb-headline-text\"><a href=\"https:\/\/www.thailtd.com\/de\/re-entry-permit-thailand\/\">Re-Entry Permit for Thailand Visas<\/a><\/h2>\n\n<div class=\"gb-headline gb-headline-5c371095 gb-headline-text\">A Re-entry Permit is like a special permission slip for people from other countries who are living in or visiting Thailand. It lets them leave &#8230;<\/div>\n\n<p class=\"gb-headline gb-headline-427f6f6b gb-headline-text\"><span class=\"post-term-item term-visa\"><a href=\"https:\/\/www.thailtd.com\/de\/category\/visa\/\">Visa &amp; Residency<\/a><\/span><\/p>\n<\/div><\/article><\/div>\n\n<div class=\"gb-grid-column gb-grid-column-2e3a1acf gb-query-loop-item post-229 post type-post status-publish format-standard hentry category-finances tag-banking\"><article class=\"gb-container gb-container-2e3a1acf\"><div class=\"gb-inside-container\">\n\n\n<h2 class=\"gb-headline gb-headline-d979bae1 gb-headline-text\"><a href=\"https:\/\/www.thailtd.com\/de\/transferring-large-sums-of-foreign-currency-to-thailand-bank-account\/\">Transferring Large Sums of Foreign Currency to Thailand Bank Account<\/a><\/h2>\n\n<div class=\"gb-headline gb-headline-5c371095 gb-headline-text\">The most common reason why foreigners want to transfer large sums of foreign currency to Thailand is because they want to purchase a condo. SWIFT &#8230;<\/div>\n\n<p class=\"gb-headline gb-headline-427f6f6b gb-headline-text\"><span class=\"post-term-item term-finances\"><a href=\"https:\/\/www.thailtd.com\/de\/category\/finances\/\">Banking &amp; Finances<\/a><\/span><\/p>\n<\/div><\/article><\/div>\n\n<div class=\"gb-grid-column gb-grid-column-2e3a1acf gb-query-loop-item post-220 post type-post status-publish format-standard hentry category-finances tag-banking tag-economy tag-interest-rates\"><article class=\"gb-container gb-container-2e3a1acf\"><div class=\"gb-inside-container\">\n\n\n<h2 class=\"gb-headline gb-headline-d979bae1 gb-headline-text\"><a href=\"https:\/\/www.thailtd.com\/de\/interest-rates-of-banks-in-thailand\/\">Zinss\u00e4tze der Banken in Thailand<\/a><\/h2>\n\n<div class=\"gb-headline gb-headline-5c371095 gb-headline-text\">Thailand&#8217;s banking industry has been in the spotlight recently due to the country&#8217;s central bank raising its benchmark interest rate for the first time in &#8230;<\/div>\n\n<p class=\"gb-headline gb-headline-427f6f6b gb-headline-text\"><span class=\"post-term-item term-finances\"><a href=\"https:\/\/www.thailtd.com\/de\/category\/finances\/\">Banking &amp; Finances<\/a><\/span><\/p>\n<\/div><\/article><\/div>\n\n<div class=\"gb-grid-column gb-grid-column-2e3a1acf gb-query-loop-item post-217 post type-post status-publish format-standard hentry category-business-registration\"><article class=\"gb-container gb-container-2e3a1acf\"><div class=\"gb-inside-container\">\n\n\n<h2 class=\"gb-headline gb-headline-d979bae1 gb-headline-text\"><a href=\"https:\/\/www.thailtd.com\/de\/fbl\/\">Foreign Business License (FBL) in Thailand: Essential Guide for Entrepreneurs<\/a><\/h2>\n\n<div class=\"gb-headline gb-headline-5c371095 gb-headline-text\">Navigating the business landscape in Thailand can be complex, especially for foreign investors and entrepreneurs. One crucial aspect to consider is obtaining a Foreign Business &#8230;<\/div>\n\n<p class=\"gb-headline gb-headline-427f6f6b gb-headline-text\"><span class=\"post-term-item term-business-registration\"><a href=\"https:\/\/www.thailtd.com\/de\/category\/business-registration\/\">Business Registration<\/a><\/span><\/p>\n<\/div><\/article><\/div>\n<\/div>\n\n<div class=\"gb-button-wrapper gb-button-wrapper-e1e6f27f gb-query-loop-pagination\">\n<span class=\"gb-button gb-button-2cb4ed90 gb-button-text\">Previous<\/span>\n\n<span class=\"gb-button gb-button-c0d7f13a gb-button-text page-numbers gb-block-is-current\" aria-current=\"page\">1<\/span><a class=\"gb-button gb-button-c0d7f13a gb-button-text page-numbers\" href=\"?query-7097c1ff-page=2\">2<\/a><a class=\"gb-button gb-button-c0d7f13a gb-button-text page-numbers\" href=\"?query-7097c1ff-page=3\">3<\/a>\n\n<a class=\"gb-button gb-button-eeba31e8 gb-button-text\" href=\"\/de\/wp-json\/wp\/v2\/pages\/1698?query-7097c1ff-page=2\">Next<\/a>\n<\/div>","protected":false},"excerpt":{"rendered":"","protected":false},"author":0,"featured_media":0,"parent":0,"menu_order":0,"comment_status":"closed","ping_status":"closed","template":"","meta":{"footnotes":""},"class_list":["post-1698","page","type-page","status-publish"],"_links":{"self":[{"href":"https:\/\/www.thailtd.com\/de\/wp-json\/wp\/v2\/pages\/1698","targetHints":{"allow":["GET"]}}],"collection":[{"href":"https:\/\/www.thailtd.com\/de\/wp-json\/wp\/v2\/pages"}],"about":[{"href":"https:\/\/www.thailtd.com\/de\/wp-json\/wp\/v2\/types\/page"}],"replies":[{"embeddable":true,"href":"https:\/\/www.thailtd.com\/de\/wp-json\/wp\/v2\/comments?post=1698"}],"version-history":[{"count":0,"href":"https:\/\/www.thailtd.com\/de\/wp-json\/wp\/v2\/pages\/1698\/revisions"}],"wp:attachment":[{"href":"https:\/\/www.thailtd.com\/de\/wp-json\/wp\/v2\/media?parent=1698"}],"curies":[{"name":"wp","href":"https:\/\/api.w.org\/{rel}","templated":true}]}}